{"id":2096,"date":"2025-05-12T15:21:37","date_gmt":"2025-05-12T13:21:37","guid":{"rendered":"https:\/\/your-happy-birthday-song.com\/personalisiert-kostenlos\/geburtstagslied-fuer-peter\/"},"modified":"2025-05-29T16:52:37","modified_gmt":"2025-05-29T14:52:37","slug":"geburtstagslied-fuer-peter","status":"publish","type":"page","link":"https:\/\/your-happy-birthday-song.com\/personalisiert-kostenlos\/geburtstagslied-fuer-peter\/","title":{"rendered":"Geburtstagslied f\u00fcr Peter!"},"content":{"rendered":"\n<figure class=\"wp-block-embed is-type-video is-provider-youtube wp-block-embed-youtube wp-embed-aspect-16-9 wp-has-aspect-ratio\"><div class=\"wp-block-embed__wrapper\">\n<iframe loading=\"lazy\" title=\"Happy Birthday Song! Das personalisierte Geburtstagslied (A capella &amp; Rock&#039;n&#039;Roll)\" width=\"584\" height=\"329\" src=\"https:\/\/www.youtube.com\/embed\/8GYtH3ud494?feature=oembed\" frameborder=\"0\" allow=\"accelerometer; autoplay; clipboard-write; encrypted-media; gyroscope; picture-in-picture; web-share\" referrerpolicy=\"strict-origin-when-cross-origin\" allowfullscreen><\/iframe>\n<\/div><\/figure>\n\n\n\n<p> Dieses beliebte Geburtstagslied (vgl. die nicht personalisierte <a href=\"https:\/\/your-happy-birthday-song.com\/\">Originalversion<\/a>) war 2010 einer der Siegertitel des WDR5 Wettbewerbs <em><strong>KinderLiederWelt<\/strong><\/em>. <\/p>\n\n\n\n<p> Auf unserer Seite gibt es das Geburtstagslied kostenlos und personalisiert f\u00fcr den Namen <em><strong>Peter<\/strong><\/em> in 2 verschiedenen Versionen. Zum Download klicken Sie einfach mit der rechten Maustaste auf den Play-Button und w\u00e4hlen &#8216;Speichern unter&#8217;. <\/p>\n\n\n\n<figure class=\"wp-block-audio\"><audio controls src=\"https:\/\/your-happy-birthday-song.com\/wp-content\/uploads\/2022\/01\/MikeWilbury-feat-MarcosManzanedo_Peter_RocknRoll.mp3\"><\/audio><figcaption class=\"wp-element-caption\">Peter (Rock&#8217;n&#8217;Roll Version) <\/figcaption><\/figure>\n\n\n\n<figure class=\"wp-block-audio\"><audio controls src=\"https:\/\/your-happy-birthday-song.com\/wp-content\/uploads\/2022\/01\/MikeWilbury-feat-MarcosManzanedo_Peter_aCapella.mp3\"><\/audio><figcaption class=\"wp-element-caption\">Peter (A-Capella Version)<\/figcaption><\/figure>\n\n\n\n<h2 class=\"wp-block-heading\">Herkunft des Namens Peter<\/h2>\n\n\n\n<p>Der Name <strong>Peter<\/strong> geht auf das griechische Wort <strong>\u201e\u03a0\u03ad\u03c4\u03c1\u03bf\u03c2\u201c (Petros)<\/strong> zur\u00fcck, das \u201eFels\u201c oder \u201eStein\u201c bedeutet. Im Neuen Testament \u00fcbertr\u00e4gt Jesus dem Apostel Simon den Beinamen \u201ePetros\u201c, um dessen feste und best\u00e4ndige Rolle in der jungen Kirche zu symbolisieren.<\/p>\n\n\n\n<p>Durch die Bedeutung \u201eFels\u201c erhielt Peter einen starken, vertrauensw\u00fcrdigen Charakterzug \u2013 er sollte das Fundament sein, auf dem die Glaubensgemeinschaft ruht. Bereits im 1.\u202fJahrhundert verbreitete sich der Name in den christlich gepr\u00e4gten Regionen des R\u00f6mischen Reiches.<\/p>\n\n\n\n<p>Im Mittelalter avancierte <strong>Peter<\/strong> dann zu einem der h\u00e4ufigsten Vornamen in Europa. Zahlreiche Heilige und P\u00e4pste trugen ihn, was die Popularit\u00e4t weiter steigerte. Die verschiedenen sprachlichen Varianten (englisch \u201ePeter\u201c, franz\u00f6sisch \u201ePierre\u201c, spanisch \u201ePedro\u201c, italienisch \u201ePietro\u201c) zeugen von seiner weiten Verbreitung.<\/p>\n\n\n\n<p>Bis heute geh\u00f6rt <strong>Peter<\/strong> in Deutschland und vielen anderen L\u00e4ndern zu den Klassikern unter den Jungennamen \u2013 zeitlos, bodenst\u00e4ndig und traditionsreich.<\/p>\n","protected":false},"excerpt":{"rendered":"<p>Das Geburtstagslied &#8216;Weil Heute Dein Geburtstag Ist&#8217; personalisiert auf den Namen Peter (2 Versionen: Rock&#8217;n&#8217;Roll und A-Capella).\u00a0\u00a0<\/p>\n<p> <a href=\"https:\/\/your-happy-birthday-song.com\/personalisiert-kostenlos\/geburtstagslied-fuer-peter\/\">Continue reading <span class=\"meta-nav\">&rarr;<\/span><\/a><\/p>\n","protected":false},"author":1,"featured_media":0,"parent":0,"menu_order":0,"comment_status":"closed","ping_status":"closed","template":"","meta":{"footnotes":""},"class_list":["post-2096","page","type-page","status-publish","hentry"],"yoast_head":"<!-- This site is optimized with the Yoast SEO plugin v27.5 - https:\/\/yoast.com\/product\/yoast-seo-wordpress\/ -->\n<title>Geburtstagslied f\u00fcr Peter! - Happy Birthday<\/title>\n<meta name=\"description\" content=\"Happy Birthday %Personalisiertes Geburtstaslied %\" \/>\n<meta name=\"robots\" content=\"index, follow, max-snippet:-1, max-image-preview:large, max-video-preview:-1\" \/>\n<link rel=\"canonical\" href=\"https:\/\/your-happy-birthday-song.com\/personalisiert-kostenlos\/geburtstagslied-fuer-peter\/\" \/>\n<meta property=\"og:locale\" content=\"en_US\" \/>\n<meta property=\"og:type\" content=\"article\" \/>\n<meta property=\"og:title\" content=\"Geburtstagslied f\u00fcr Peter! - Happy Birthday\" \/>\n<meta property=\"og:description\" content=\"Happy Birthday %Personalisiertes Geburtstaslied %\" \/>\n<meta property=\"og:url\" content=\"https:\/\/your-happy-birthday-song.com\/personalisiert-kostenlos\/geburtstagslied-fuer-peter\/\" \/>\n<meta property=\"og:site_name\" content=\"Happy Birthday\" \/>\n<meta property=\"article:modified_time\" content=\"2025-05-29T14:52:37+00:00\" \/>\n<meta name=\"twitter:card\" content=\"summary_large_image\" \/>\n<meta name=\"twitter:label1\" content=\"Est. reading time\" \/>\n\t<meta name=\"twitter:data1\" content=\"1 minute\" \/>\n<script type=\"application\/ld+json\" class=\"yoast-schema-graph\">{\"@context\":\"https:\\\/\\\/schema.org\",\"@graph\":[{\"@type\":\"WebPage\",\"@id\":\"https:\\\/\\\/your-happy-birthday-song.com\\\/personalisiert-kostenlos\\\/geburtstagslied-fuer-peter\\\/\",\"url\":\"https:\\\/\\\/your-happy-birthday-song.com\\\/personalisiert-kostenlos\\\/geburtstagslied-fuer-peter\\\/\",\"name\":\"Geburtstagslied f\u00fcr Peter! - Happy Birthday\",\"isPartOf\":{\"@id\":\"https:\\\/\\\/your-happy-birthday-song.com\\\/personalisiert-kostenlos\\\/#website\"},\"datePublished\":\"2025-05-12T13:21:37+00:00\",\"dateModified\":\"2025-05-29T14:52:37+00:00\",\"description\":\"Happy Birthday %Personalisiertes Geburtstaslied %\",\"breadcrumb\":{\"@id\":\"https:\\\/\\\/your-happy-birthday-song.com\\\/personalisiert-kostenlos\\\/geburtstagslied-fuer-peter\\\/#breadcrumb\"},\"inLanguage\":\"en-US\",\"potentialAction\":[{\"@type\":\"ReadAction\",\"target\":[\"https:\\\/\\\/your-happy-birthday-song.com\\\/personalisiert-kostenlos\\\/geburtstagslied-fuer-peter\\\/\"]}]},{\"@type\":\"BreadcrumbList\",\"@id\":\"https:\\\/\\\/your-happy-birthday-song.com\\\/personalisiert-kostenlos\\\/geburtstagslied-fuer-peter\\\/#breadcrumb\",\"itemListElement\":[{\"@type\":\"ListItem\",\"position\":1,\"name\":\"Home\",\"item\":\"https:\\\/\\\/your-happy-birthday-song.com\\\/personalisiert-kostenlos\\\/\"},{\"@type\":\"ListItem\",\"position\":2,\"name\":\"Geburtstagslied f\u00fcr Peter!\"}]},{\"@type\":\"WebSite\",\"@id\":\"https:\\\/\\\/your-happy-birthday-song.com\\\/personalisiert-kostenlos\\\/#website\",\"url\":\"https:\\\/\\\/your-happy-birthday-song.com\\\/personalisiert-kostenlos\\\/\",\"name\":\"Happy Birthday - Das personalisierte Geburtstagslied\",\"description\":\"Personalisiertes Geburtstagslied\",\"publisher\":{\"@id\":\"https:\\\/\\\/your-happy-birthday-song.com\\\/personalisiert-kostenlos\\\/#organization\"},\"potentialAction\":[{\"@type\":\"SearchAction\",\"target\":{\"@type\":\"EntryPoint\",\"urlTemplate\":\"https:\\\/\\\/your-happy-birthday-song.com\\\/personalisiert-kostenlos\\\/?s={search_term_string}\"},\"query-input\":{\"@type\":\"PropertyValueSpecification\",\"valueRequired\":true,\"valueName\":\"search_term_string\"}}],\"inLanguage\":\"en-US\"},{\"@type\":\"Organization\",\"@id\":\"https:\\\/\\\/your-happy-birthday-song.com\\\/personalisiert-kostenlos\\\/#organization\",\"name\":\"Happy Birthday Band\",\"url\":\"https:\\\/\\\/your-happy-birthday-song.com\\\/personalisiert-kostenlos\\\/\",\"logo\":{\"@type\":\"ImageObject\",\"inLanguage\":\"en-US\",\"@id\":\"https:\\\/\\\/your-happy-birthday-song.com\\\/personalisiert-kostenlos\\\/#\\\/schema\\\/logo\\\/image\\\/\",\"url\":\"https:\\\/\\\/your-happy-birthday-song.com\\\/wp-content\\\/uploads\\\/2021\\\/12\\\/Header1300x500.png\",\"contentUrl\":\"https:\\\/\\\/your-happy-birthday-song.com\\\/wp-content\\\/uploads\\\/2021\\\/12\\\/Header1300x500.png\",\"width\":1300,\"height\":500,\"caption\":\"Happy Birthday Band\"},\"image\":{\"@id\":\"https:\\\/\\\/your-happy-birthday-song.com\\\/personalisiert-kostenlos\\\/#\\\/schema\\\/logo\\\/image\\\/\"},\"sameAs\":[\"https:\\\/\\\/www.youtube.com\\\/channel\\\/UCJaulRfWR_ucROonbTdIKhA\"]}]}<\/script>\n<!-- \/ Yoast SEO plugin. -->","yoast_head_json":{"title":"Geburtstagslied f\u00fcr Peter! - Happy Birthday","description":"Happy Birthday %Personalisiertes Geburtstaslied %","robots":{"index":"index","follow":"follow","max-snippet":"max-snippet:-1","max-image-preview":"max-image-preview:large","max-video-preview":"max-video-preview:-1"},"canonical":"https:\/\/your-happy-birthday-song.com\/personalisiert-kostenlos\/geburtstagslied-fuer-peter\/","og_locale":"en_US","og_type":"article","og_title":"Geburtstagslied f\u00fcr Peter! - Happy Birthday","og_description":"Happy Birthday %Personalisiertes Geburtstaslied %","og_url":"https:\/\/your-happy-birthday-song.com\/personalisiert-kostenlos\/geburtstagslied-fuer-peter\/","og_site_name":"Happy Birthday","article_modified_time":"2025-05-29T14:52:37+00:00","twitter_card":"summary_large_image","twitter_misc":{"Est. reading time":"1 minute"},"schema":{"@context":"https:\/\/schema.org","@graph":[{"@type":"WebPage","@id":"https:\/\/your-happy-birthday-song.com\/personalisiert-kostenlos\/geburtstagslied-fuer-peter\/","url":"https:\/\/your-happy-birthday-song.com\/personalisiert-kostenlos\/geburtstagslied-fuer-peter\/","name":"Geburtstagslied f\u00fcr Peter! - Happy Birthday","isPartOf":{"@id":"https:\/\/your-happy-birthday-song.com\/personalisiert-kostenlos\/#website"},"datePublished":"2025-05-12T13:21:37+00:00","dateModified":"2025-05-29T14:52:37+00:00","description":"Happy Birthday %Personalisiertes Geburtstaslied %","breadcrumb":{"@id":"https:\/\/your-happy-birthday-song.com\/personalisiert-kostenlos\/geburtstagslied-fuer-peter\/#breadcrumb"},"inLanguage":"en-US","potentialAction":[{"@type":"ReadAction","target":["https:\/\/your-happy-birthday-song.com\/personalisiert-kostenlos\/geburtstagslied-fuer-peter\/"]}]},{"@type":"BreadcrumbList","@id":"https:\/\/your-happy-birthday-song.com\/personalisiert-kostenlos\/geburtstagslied-fuer-peter\/#breadcrumb","itemListElement":[{"@type":"ListItem","position":1,"name":"Home","item":"https:\/\/your-happy-birthday-song.com\/personalisiert-kostenlos\/"},{"@type":"ListItem","position":2,"name":"Geburtstagslied f\u00fcr Peter!"}]},{"@type":"WebSite","@id":"https:\/\/your-happy-birthday-song.com\/personalisiert-kostenlos\/#website","url":"https:\/\/your-happy-birthday-song.com\/personalisiert-kostenlos\/","name":"Happy Birthday - Das personalisierte Geburtstagslied","description":"Personalisiertes Geburtstagslied","publisher":{"@id":"https:\/\/your-happy-birthday-song.com\/personalisiert-kostenlos\/#organization"},"potentialAction":[{"@type":"SearchAction","target":{"@type":"EntryPoint","urlTemplate":"https:\/\/your-happy-birthday-song.com\/personalisiert-kostenlos\/?s={search_term_string}"},"query-input":{"@type":"PropertyValueSpecification","valueRequired":true,"valueName":"search_term_string"}}],"inLanguage":"en-US"},{"@type":"Organization","@id":"https:\/\/your-happy-birthday-song.com\/personalisiert-kostenlos\/#organization","name":"Happy Birthday Band","url":"https:\/\/your-happy-birthday-song.com\/personalisiert-kostenlos\/","logo":{"@type":"ImageObject","inLanguage":"en-US","@id":"https:\/\/your-happy-birthday-song.com\/personalisiert-kostenlos\/#\/schema\/logo\/image\/","url":"https:\/\/your-happy-birthday-song.com\/wp-content\/uploads\/2021\/12\/Header1300x500.png","contentUrl":"https:\/\/your-happy-birthday-song.com\/wp-content\/uploads\/2021\/12\/Header1300x500.png","width":1300,"height":500,"caption":"Happy Birthday Band"},"image":{"@id":"https:\/\/your-happy-birthday-song.com\/personalisiert-kostenlos\/#\/schema\/logo\/image\/"},"sameAs":["https:\/\/www.youtube.com\/channel\/UCJaulRfWR_ucROonbTdIKhA"]}]}},"jetpack_sharing_enabled":true,"_links":{"self":[{"href":"https:\/\/your-happy-birthday-song.com\/personalisiert-kostenlos\/wp-json\/wp\/v2\/pages\/2096","targetHints":{"allow":["GET"]}}],"collection":[{"href":"https:\/\/your-happy-birthday-song.com\/personalisiert-kostenlos\/wp-json\/wp\/v2\/pages"}],"about":[{"href":"https:\/\/your-happy-birthday-song.com\/personalisiert-kostenlos\/wp-json\/wp\/v2\/types\/page"}],"author":[{"embeddable":true,"href":"https:\/\/your-happy-birthday-song.com\/personalisiert-kostenlos\/wp-json\/wp\/v2\/users\/1"}],"replies":[{"embeddable":true,"href":"https:\/\/your-happy-birthday-song.com\/personalisiert-kostenlos\/wp-json\/wp\/v2\/comments?post=2096"}],"version-history":[{"count":3,"href":"https:\/\/your-happy-birthday-song.com\/personalisiert-kostenlos\/wp-json\/wp\/v2\/pages\/2096\/revisions"}],"predecessor-version":[{"id":2249,"href":"https:\/\/your-happy-birthday-song.com\/personalisiert-kostenlos\/wp-json\/wp\/v2\/pages\/2096\/revisions\/2249"}],"wp:attachment":[{"href":"https:\/\/your-happy-birthday-song.com\/personalisiert-kostenlos\/wp-json\/wp\/v2\/media?parent=2096"}],"curies":[{"name":"wp","href":"https:\/\/api.w.org\/{rel}","templated":true}]}}