{"id":1908,"date":"2025-05-12T15:20:35","date_gmt":"2025-05-12T13:20:35","guid":{"rendered":"https:\/\/your-happy-birthday-song.com\/personalisiert-kostenlos\/geburtstagslied-fuer-dieter\/"},"modified":"2025-06-02T12:18:01","modified_gmt":"2025-06-02T10:18:01","slug":"geburtstagslied-fuer-dieter","status":"publish","type":"page","link":"https:\/\/your-happy-birthday-song.com\/personalisiert-kostenlos\/geburtstagslied-fuer-dieter\/","title":{"rendered":"Geburtstagslied f\u00fcr Dieter!"},"content":{"rendered":"\n<figure class=\"wp-block-embed is-type-video is-provider-youtube wp-block-embed-youtube wp-embed-aspect-16-9 wp-has-aspect-ratio\"><div class=\"wp-block-embed__wrapper\">\n<iframe loading=\"lazy\" title=\"Happy Birthday Song! Das personalisierte Geburtstagslied (A capella &amp; Rock&#039;n&#039;Roll)\" width=\"584\" height=\"329\" src=\"https:\/\/www.youtube.com\/embed\/8GYtH3ud494?feature=oembed\" frameborder=\"0\" allow=\"accelerometer; autoplay; clipboard-write; encrypted-media; gyroscope; picture-in-picture; web-share\" referrerpolicy=\"strict-origin-when-cross-origin\" allowfullscreen><\/iframe>\n<\/div><\/figure>\n\n\n\n<p><p> Dieses beliebte Geburtstagslied (vgl. die nicht personalisierte <a href=\"https:\/\/your-happy-birthday-song.com\/\">Originalversion<\/a>) war 2010 einer der Siegertitel des WDR5 Wettbewerbs <em><strong>KinderLiederWelt<\/strong><\/em>. <\/p> <p> Auf unserer Seite gibt es das Geburtstagslied kostenlos und personalisiert f\u00fcr den Namen <em><strong>Dieter<\/strong><\/em> in 2 verschiedenen Versionen. Zum Download klicken Sie einfach mit der rechten Maustaste auf den Play-Button und w\u00e4hlen &#8216;Speichern unter&#8217;. <\/p><\/p>\n\n\n\n<figure class=\"wp-block-audio\"><audio controls src=\"https:\/\/your-happy-birthday-song.com\/wp-content\/uploads\/2022\/01\/MikeWilbury-feat-MarcosManzanedo_Dieter_RocknRoll.mp3\"><\/audio><figcaption class=\"wp-element-caption\">Dieter (Rock&#8217;n&#8217;Roll Version) <\/figcaption><\/figure>\n\n\n\n<figure class=\"wp-block-audio\"><audio controls src=\"https:\/\/your-happy-birthday-song.com\/wp-content\/uploads\/2022\/01\/MikeWilbury-feat-MarcosManzanedo_Dieter_aCapella.mp3\"><\/audio><figcaption class=\"wp-element-caption\">Dieter (A-Capella Version)<\/figcaption><\/figure>\n\n\n\n<h2 class=\"wp-block-heading\">Herkunft des Namens Dieter<\/h2>\n\n\n\n<p>Der Name <strong>Dieter<\/strong> hat seine Wurzeln im Althochdeutschen. Er setzt sich zusammen aus den Elementen\u202f\u201ediot\u201c (Volk) und \u201eheri\u201c (Heer, Armee). W\u00f6rtlich bedeutet Dieter also \u201eHeer des Volkes\u201c oder \u201eVolkskrieger\u201c. Diese Zusammensetzung war im fr\u00fchen Mittelalter verbreitet und betont den Sinn f\u00fcr Gemeinschaft und Schutz.<\/p>\n\n\n\n<p>Erstmals belegt ist Dieter in Urkunden des Hochmittelalters, als germanische Namensbildungen mit dem Element \u201eheri\u201c (z.\u202fB. Heinrich, Gerhard) weit verbreitet waren. Im Lauf der Zeit entwickelte sich Dieter in verschiedenen Dialekten zu den Formen Theoderich, Diethard oder Dietrich. Als eigenst\u00e4ndiger Rufname wurde Dieter vor allem in Deutschland im 20.\u202fJahrhundert popul\u00e4r.<\/p>\n\n\n\n<p>Sein Klang wirkt klassisch und bodenst\u00e4ndig. Heute ist Dieter vor allem in den Jahrg\u00e4ngen der 1950er bis 1970er Jahre sehr h\u00e4ufig als Vorname anzutreffen, w\u00e4hrend j\u00fcngere Generationen seltener so hei\u00dfen.<\/p>\n","protected":false},"excerpt":{"rendered":"<p>Das Geburtstagslied &#8216;Weil Heute Dein Geburtstag Ist&#8217; personalisiert auf den Namen Dieter (2 Versionen: Rock&#8217;n&#8217;Roll und A-Capella).\u00a0\u00a0<\/p>\n<p> <a href=\"https:\/\/your-happy-birthday-song.com\/personalisiert-kostenlos\/geburtstagslied-fuer-dieter\/\">Continue reading <span class=\"meta-nav\">&rarr;<\/span><\/a><\/p>\n","protected":false},"author":1,"featured_media":0,"parent":0,"menu_order":0,"comment_status":"closed","ping_status":"closed","template":"","meta":{"footnotes":""},"class_list":["post-1908","page","type-page","status-publish","hentry"],"yoast_head":"<!-- This site is optimized with the Yoast SEO plugin v27.5 - https:\/\/yoast.com\/product\/yoast-seo-wordpress\/ -->\n<title>Geburtstagslied f\u00fcr Dieter! - Happy Birthday<\/title>\n<meta name=\"description\" content=\"Happy Birthday %Personalisiertes Geburtstaslied %\" \/>\n<meta name=\"robots\" content=\"index, follow, max-snippet:-1, max-image-preview:large, max-video-preview:-1\" \/>\n<link rel=\"canonical\" href=\"https:\/\/your-happy-birthday-song.com\/personalisiert-kostenlos\/geburtstagslied-fuer-dieter\/\" \/>\n<meta property=\"og:locale\" content=\"en_US\" \/>\n<meta property=\"og:type\" content=\"article\" \/>\n<meta property=\"og:title\" content=\"Geburtstagslied f\u00fcr Dieter! - Happy Birthday\" \/>\n<meta property=\"og:description\" content=\"Happy Birthday %Personalisiertes Geburtstaslied %\" \/>\n<meta property=\"og:url\" content=\"https:\/\/your-happy-birthday-song.com\/personalisiert-kostenlos\/geburtstagslied-fuer-dieter\/\" \/>\n<meta property=\"og:site_name\" content=\"Happy Birthday\" \/>\n<meta property=\"article:modified_time\" content=\"2025-06-02T10:18:01+00:00\" \/>\n<meta name=\"twitter:card\" content=\"summary_large_image\" \/>\n<meta name=\"twitter:label1\" content=\"Est. reading time\" \/>\n\t<meta name=\"twitter:data1\" content=\"1 minute\" \/>\n<script type=\"application\/ld+json\" class=\"yoast-schema-graph\">{\"@context\":\"https:\\\/\\\/schema.org\",\"@graph\":[{\"@type\":\"WebPage\",\"@id\":\"https:\\\/\\\/your-happy-birthday-song.com\\\/personalisiert-kostenlos\\\/geburtstagslied-fuer-dieter\\\/\",\"url\":\"https:\\\/\\\/your-happy-birthday-song.com\\\/personalisiert-kostenlos\\\/geburtstagslied-fuer-dieter\\\/\",\"name\":\"Geburtstagslied f\u00fcr Dieter! - Happy Birthday\",\"isPartOf\":{\"@id\":\"https:\\\/\\\/your-happy-birthday-song.com\\\/personalisiert-kostenlos\\\/#website\"},\"datePublished\":\"2025-05-12T13:20:35+00:00\",\"dateModified\":\"2025-06-02T10:18:01+00:00\",\"description\":\"Happy Birthday %Personalisiertes Geburtstaslied %\",\"breadcrumb\":{\"@id\":\"https:\\\/\\\/your-happy-birthday-song.com\\\/personalisiert-kostenlos\\\/geburtstagslied-fuer-dieter\\\/#breadcrumb\"},\"inLanguage\":\"en-US\",\"potentialAction\":[{\"@type\":\"ReadAction\",\"target\":[\"https:\\\/\\\/your-happy-birthday-song.com\\\/personalisiert-kostenlos\\\/geburtstagslied-fuer-dieter\\\/\"]}]},{\"@type\":\"BreadcrumbList\",\"@id\":\"https:\\\/\\\/your-happy-birthday-song.com\\\/personalisiert-kostenlos\\\/geburtstagslied-fuer-dieter\\\/#breadcrumb\",\"itemListElement\":[{\"@type\":\"ListItem\",\"position\":1,\"name\":\"Home\",\"item\":\"https:\\\/\\\/your-happy-birthday-song.com\\\/personalisiert-kostenlos\\\/\"},{\"@type\":\"ListItem\",\"position\":2,\"name\":\"Geburtstagslied f\u00fcr Dieter!\"}]},{\"@type\":\"WebSite\",\"@id\":\"https:\\\/\\\/your-happy-birthday-song.com\\\/personalisiert-kostenlos\\\/#website\",\"url\":\"https:\\\/\\\/your-happy-birthday-song.com\\\/personalisiert-kostenlos\\\/\",\"name\":\"Happy Birthday - Das personalisierte Geburtstagslied\",\"description\":\"Personalisiertes Geburtstagslied\",\"publisher\":{\"@id\":\"https:\\\/\\\/your-happy-birthday-song.com\\\/personalisiert-kostenlos\\\/#organization\"},\"potentialAction\":[{\"@type\":\"SearchAction\",\"target\":{\"@type\":\"EntryPoint\",\"urlTemplate\":\"https:\\\/\\\/your-happy-birthday-song.com\\\/personalisiert-kostenlos\\\/?s={search_term_string}\"},\"query-input\":{\"@type\":\"PropertyValueSpecification\",\"valueRequired\":true,\"valueName\":\"search_term_string\"}}],\"inLanguage\":\"en-US\"},{\"@type\":\"Organization\",\"@id\":\"https:\\\/\\\/your-happy-birthday-song.com\\\/personalisiert-kostenlos\\\/#organization\",\"name\":\"Happy Birthday Band\",\"url\":\"https:\\\/\\\/your-happy-birthday-song.com\\\/personalisiert-kostenlos\\\/\",\"logo\":{\"@type\":\"ImageObject\",\"inLanguage\":\"en-US\",\"@id\":\"https:\\\/\\\/your-happy-birthday-song.com\\\/personalisiert-kostenlos\\\/#\\\/schema\\\/logo\\\/image\\\/\",\"url\":\"https:\\\/\\\/your-happy-birthday-song.com\\\/wp-content\\\/uploads\\\/2021\\\/12\\\/Header1300x500.png\",\"contentUrl\":\"https:\\\/\\\/your-happy-birthday-song.com\\\/wp-content\\\/uploads\\\/2021\\\/12\\\/Header1300x500.png\",\"width\":1300,\"height\":500,\"caption\":\"Happy Birthday Band\"},\"image\":{\"@id\":\"https:\\\/\\\/your-happy-birthday-song.com\\\/personalisiert-kostenlos\\\/#\\\/schema\\\/logo\\\/image\\\/\"},\"sameAs\":[\"https:\\\/\\\/www.youtube.com\\\/channel\\\/UCJaulRfWR_ucROonbTdIKhA\"]}]}<\/script>\n<!-- \/ Yoast SEO plugin. -->","yoast_head_json":{"title":"Geburtstagslied f\u00fcr Dieter! - Happy Birthday","description":"Happy Birthday %Personalisiertes Geburtstaslied %","robots":{"index":"index","follow":"follow","max-snippet":"max-snippet:-1","max-image-preview":"max-image-preview:large","max-video-preview":"max-video-preview:-1"},"canonical":"https:\/\/your-happy-birthday-song.com\/personalisiert-kostenlos\/geburtstagslied-fuer-dieter\/","og_locale":"en_US","og_type":"article","og_title":"Geburtstagslied f\u00fcr Dieter! - Happy Birthday","og_description":"Happy Birthday %Personalisiertes Geburtstaslied %","og_url":"https:\/\/your-happy-birthday-song.com\/personalisiert-kostenlos\/geburtstagslied-fuer-dieter\/","og_site_name":"Happy Birthday","article_modified_time":"2025-06-02T10:18:01+00:00","twitter_card":"summary_large_image","twitter_misc":{"Est. reading time":"1 minute"},"schema":{"@context":"https:\/\/schema.org","@graph":[{"@type":"WebPage","@id":"https:\/\/your-happy-birthday-song.com\/personalisiert-kostenlos\/geburtstagslied-fuer-dieter\/","url":"https:\/\/your-happy-birthday-song.com\/personalisiert-kostenlos\/geburtstagslied-fuer-dieter\/","name":"Geburtstagslied f\u00fcr Dieter! - Happy Birthday","isPartOf":{"@id":"https:\/\/your-happy-birthday-song.com\/personalisiert-kostenlos\/#website"},"datePublished":"2025-05-12T13:20:35+00:00","dateModified":"2025-06-02T10:18:01+00:00","description":"Happy Birthday %Personalisiertes Geburtstaslied %","breadcrumb":{"@id":"https:\/\/your-happy-birthday-song.com\/personalisiert-kostenlos\/geburtstagslied-fuer-dieter\/#breadcrumb"},"inLanguage":"en-US","potentialAction":[{"@type":"ReadAction","target":["https:\/\/your-happy-birthday-song.com\/personalisiert-kostenlos\/geburtstagslied-fuer-dieter\/"]}]},{"@type":"BreadcrumbList","@id":"https:\/\/your-happy-birthday-song.com\/personalisiert-kostenlos\/geburtstagslied-fuer-dieter\/#breadcrumb","itemListElement":[{"@type":"ListItem","position":1,"name":"Home","item":"https:\/\/your-happy-birthday-song.com\/personalisiert-kostenlos\/"},{"@type":"ListItem","position":2,"name":"Geburtstagslied f\u00fcr Dieter!"}]},{"@type":"WebSite","@id":"https:\/\/your-happy-birthday-song.com\/personalisiert-kostenlos\/#website","url":"https:\/\/your-happy-birthday-song.com\/personalisiert-kostenlos\/","name":"Happy Birthday - Das personalisierte Geburtstagslied","description":"Personalisiertes Geburtstagslied","publisher":{"@id":"https:\/\/your-happy-birthday-song.com\/personalisiert-kostenlos\/#organization"},"potentialAction":[{"@type":"SearchAction","target":{"@type":"EntryPoint","urlTemplate":"https:\/\/your-happy-birthday-song.com\/personalisiert-kostenlos\/?s={search_term_string}"},"query-input":{"@type":"PropertyValueSpecification","valueRequired":true,"valueName":"search_term_string"}}],"inLanguage":"en-US"},{"@type":"Organization","@id":"https:\/\/your-happy-birthday-song.com\/personalisiert-kostenlos\/#organization","name":"Happy Birthday Band","url":"https:\/\/your-happy-birthday-song.com\/personalisiert-kostenlos\/","logo":{"@type":"ImageObject","inLanguage":"en-US","@id":"https:\/\/your-happy-birthday-song.com\/personalisiert-kostenlos\/#\/schema\/logo\/image\/","url":"https:\/\/your-happy-birthday-song.com\/wp-content\/uploads\/2021\/12\/Header1300x500.png","contentUrl":"https:\/\/your-happy-birthday-song.com\/wp-content\/uploads\/2021\/12\/Header1300x500.png","width":1300,"height":500,"caption":"Happy Birthday Band"},"image":{"@id":"https:\/\/your-happy-birthday-song.com\/personalisiert-kostenlos\/#\/schema\/logo\/image\/"},"sameAs":["https:\/\/www.youtube.com\/channel\/UCJaulRfWR_ucROonbTdIKhA"]}]}},"jetpack_sharing_enabled":true,"_links":{"self":[{"href":"https:\/\/your-happy-birthday-song.com\/personalisiert-kostenlos\/wp-json\/wp\/v2\/pages\/1908","targetHints":{"allow":["GET"]}}],"collection":[{"href":"https:\/\/your-happy-birthday-song.com\/personalisiert-kostenlos\/wp-json\/wp\/v2\/pages"}],"about":[{"href":"https:\/\/your-happy-birthday-song.com\/personalisiert-kostenlos\/wp-json\/wp\/v2\/types\/page"}],"author":[{"embeddable":true,"href":"https:\/\/your-happy-birthday-song.com\/personalisiert-kostenlos\/wp-json\/wp\/v2\/users\/1"}],"replies":[{"embeddable":true,"href":"https:\/\/your-happy-birthday-song.com\/personalisiert-kostenlos\/wp-json\/wp\/v2\/comments?post=1908"}],"version-history":[{"count":1,"href":"https:\/\/your-happy-birthday-song.com\/personalisiert-kostenlos\/wp-json\/wp\/v2\/pages\/1908\/revisions"}],"predecessor-version":[{"id":2253,"href":"https:\/\/your-happy-birthday-song.com\/personalisiert-kostenlos\/wp-json\/wp\/v2\/pages\/1908\/revisions\/2253"}],"wp:attachment":[{"href":"https:\/\/your-happy-birthday-song.com\/personalisiert-kostenlos\/wp-json\/wp\/v2\/media?parent=1908"}],"curies":[{"name":"wp","href":"https:\/\/api.w.org\/{rel}","templated":true}]}}