{"id":1898,"date":"2025-05-12T15:20:32","date_gmt":"2025-05-12T13:20:32","guid":{"rendered":"https:\/\/your-happy-birthday-song.com\/personalisiert-kostenlos\/geburtstagslied-fuer-claudia\/"},"modified":"2025-06-02T13:00:24","modified_gmt":"2025-06-02T11:00:24","slug":"geburtstagslied-fuer-claudia","status":"publish","type":"page","link":"https:\/\/your-happy-birthday-song.com\/personalisiert-kostenlos\/geburtstagslied-fuer-claudia\/","title":{"rendered":"Geburtstagslied f\u00fcr Claudia!"},"content":{"rendered":"\n<figure class=\"wp-block-embed is-type-video is-provider-youtube wp-block-embed-youtube wp-embed-aspect-16-9 wp-has-aspect-ratio\"><div class=\"wp-block-embed__wrapper\">\n<iframe loading=\"lazy\" title=\"Happy Birthday Song! Das personalisierte Geburtstagslied (A capella &amp; Rock&#039;n&#039;Roll)\" width=\"584\" height=\"329\" src=\"https:\/\/www.youtube.com\/embed\/8GYtH3ud494?feature=oembed\" frameborder=\"0\" allow=\"accelerometer; autoplay; clipboard-write; encrypted-media; gyroscope; picture-in-picture; web-share\" referrerpolicy=\"strict-origin-when-cross-origin\" allowfullscreen><\/iframe>\n<\/div><\/figure>\n\n\n\n<p><p> Dieses beliebte Geburtstagslied (vgl. die nicht personalisierte <a href=\"https:\/\/your-happy-birthday-song.com\/\">Originalversion<\/a>) war 2010 einer der Siegertitel des WDR5 Wettbewerbs <em><strong>KinderLiederWelt<\/strong><\/em>. <\/p> <p> Auf unserer Seite gibt es das Geburtstagslied kostenlos und personalisiert f\u00fcr den Namen <em><strong>Claudia<\/strong><\/em> in 2 verschiedenen Versionen. Zum Download klicken Sie einfach mit der rechten Maustaste auf den Play-Button und w\u00e4hlen &#8216;Speichern unter&#8217;. <\/p><\/p>\n\n\n\n<figure class=\"wp-block-audio\"><audio controls src=\"https:\/\/your-happy-birthday-song.com\/wp-content\/uploads\/2022\/01\/MikeWilbury-feat-MarcosManzanedo_Claudia_RocknRoll.mp3\"><\/audio><figcaption class=\"wp-element-caption\">Claudia (Rock&#8217;n&#8217;Roll Version) <\/figcaption><\/figure>\n\n\n\n<figure class=\"wp-block-audio\"><audio controls src=\"https:\/\/your-happy-birthday-song.com\/wp-content\/uploads\/2022\/01\/MikeWilbury-feat-MarcosManzanedo_Claudia_aCapella.mp3\"><\/audio><figcaption class=\"wp-element-caption\">Claudia (A-Capella Version)<\/figcaption><\/figure>\n\n\n\n<h2 class=\"wp-block-heading\">Herkunft des Namens Claudia<\/h2>\n\n\n\n<p>Der Name <strong>Claudia<\/strong> stammt aus dem Lateinischen und leitet sich von der r\u00f6mischen <strong>Gens Claudia<\/strong> ab, einem einflussreichen Adelsgeschlecht im antiken Rom. Der Name selbst geht auf das Wort <strong>\u201eclaudus\u201c<\/strong> zur\u00fcck, was \u201elahm\u201c oder \u201ehinkend\u201c bedeutet \u2013 urspr\u00fcnglich also ein Beiname, der sp\u00e4ter als Familienname verwendet wurde. Durch die Verehrung von Heiligen wie <strong>St. Claudia Procula<\/strong> (der Frau des r\u00f6mischen Statthalters Pontius Pilatus) und weitere fr\u00fchchristliche M\u00e4rtyrerinnen wurde Claudia schon im Mittelalter in Europa bekannt. In Deutschland und anderen europ\u00e4ischen L\u00e4ndern erlebte Claudia besonders in den 1960er bis 1980er Jahren gro\u00dfe Beliebtheit bei neugeborenen M\u00e4dchen. Heute gilt Claudia als zeitloser, eleganter Vorname mit klassischem Klang.<\/p>\n","protected":false},"excerpt":{"rendered":"<p>Das Geburtstagslied &#8216;Weil Heute Dein Geburtstag Ist&#8217; personalisiert auf den Namen Claudia (2 Versionen: Rock&#8217;n&#8217;Roll und A-Capella).\u00a0\u00a0<\/p>\n<p> <a href=\"https:\/\/your-happy-birthday-song.com\/personalisiert-kostenlos\/geburtstagslied-fuer-claudia\/\">Continue reading <span class=\"meta-nav\">&rarr;<\/span><\/a><\/p>\n","protected":false},"author":1,"featured_media":0,"parent":0,"menu_order":0,"comment_status":"closed","ping_status":"closed","template":"","meta":{"footnotes":""},"class_list":["post-1898","page","type-page","status-publish","hentry"],"yoast_head":"<!-- This site is optimized with the Yoast SEO plugin v27.3 - https:\/\/yoast.com\/product\/yoast-seo-wordpress\/ -->\n<title>Geburtstagslied f\u00fcr Claudia! - Happy Birthday<\/title>\n<meta name=\"description\" content=\"Happy Birthday %Personalisiertes Geburtstaslied %\" \/>\n<meta name=\"robots\" content=\"index, follow, max-snippet:-1, max-image-preview:large, max-video-preview:-1\" \/>\n<link rel=\"canonical\" href=\"https:\/\/your-happy-birthday-song.com\/personalisiert-kostenlos\/geburtstagslied-fuer-claudia\/\" \/>\n<meta property=\"og:locale\" content=\"en_US\" \/>\n<meta property=\"og:type\" content=\"article\" \/>\n<meta property=\"og:title\" content=\"Geburtstagslied f\u00fcr Claudia! - Happy Birthday\" \/>\n<meta property=\"og:description\" content=\"Happy Birthday %Personalisiertes Geburtstaslied %\" \/>\n<meta property=\"og:url\" content=\"https:\/\/your-happy-birthday-song.com\/personalisiert-kostenlos\/geburtstagslied-fuer-claudia\/\" \/>\n<meta property=\"og:site_name\" content=\"Happy Birthday\" \/>\n<meta property=\"article:modified_time\" content=\"2025-06-02T11:00:24+00:00\" \/>\n<meta name=\"twitter:card\" content=\"summary_large_image\" \/>\n<meta name=\"twitter:label1\" content=\"Est. reading time\" \/>\n\t<meta name=\"twitter:data1\" content=\"1 minute\" \/>\n<script type=\"application\/ld+json\" class=\"yoast-schema-graph\">{\"@context\":\"https:\\\/\\\/schema.org\",\"@graph\":[{\"@type\":\"WebPage\",\"@id\":\"https:\\\/\\\/your-happy-birthday-song.com\\\/personalisiert-kostenlos\\\/geburtstagslied-fuer-claudia\\\/\",\"url\":\"https:\\\/\\\/your-happy-birthday-song.com\\\/personalisiert-kostenlos\\\/geburtstagslied-fuer-claudia\\\/\",\"name\":\"Geburtstagslied f\u00fcr Claudia! - Happy Birthday\",\"isPartOf\":{\"@id\":\"https:\\\/\\\/your-happy-birthday-song.com\\\/personalisiert-kostenlos\\\/#website\"},\"datePublished\":\"2025-05-12T13:20:32+00:00\",\"dateModified\":\"2025-06-02T11:00:24+00:00\",\"description\":\"Happy Birthday %Personalisiertes Geburtstaslied %\",\"breadcrumb\":{\"@id\":\"https:\\\/\\\/your-happy-birthday-song.com\\\/personalisiert-kostenlos\\\/geburtstagslied-fuer-claudia\\\/#breadcrumb\"},\"inLanguage\":\"en-US\",\"potentialAction\":[{\"@type\":\"ReadAction\",\"target\":[\"https:\\\/\\\/your-happy-birthday-song.com\\\/personalisiert-kostenlos\\\/geburtstagslied-fuer-claudia\\\/\"]}]},{\"@type\":\"BreadcrumbList\",\"@id\":\"https:\\\/\\\/your-happy-birthday-song.com\\\/personalisiert-kostenlos\\\/geburtstagslied-fuer-claudia\\\/#breadcrumb\",\"itemListElement\":[{\"@type\":\"ListItem\",\"position\":1,\"name\":\"Home\",\"item\":\"https:\\\/\\\/your-happy-birthday-song.com\\\/personalisiert-kostenlos\\\/\"},{\"@type\":\"ListItem\",\"position\":2,\"name\":\"Geburtstagslied f\u00fcr Claudia!\"}]},{\"@type\":\"WebSite\",\"@id\":\"https:\\\/\\\/your-happy-birthday-song.com\\\/personalisiert-kostenlos\\\/#website\",\"url\":\"https:\\\/\\\/your-happy-birthday-song.com\\\/personalisiert-kostenlos\\\/\",\"name\":\"Happy Birthday - Das personalisierte Geburtstagslied\",\"description\":\"Personalisiertes Geburtstagslied\",\"publisher\":{\"@id\":\"https:\\\/\\\/your-happy-birthday-song.com\\\/personalisiert-kostenlos\\\/#organization\"},\"potentialAction\":[{\"@type\":\"SearchAction\",\"target\":{\"@type\":\"EntryPoint\",\"urlTemplate\":\"https:\\\/\\\/your-happy-birthday-song.com\\\/personalisiert-kostenlos\\\/?s={search_term_string}\"},\"query-input\":{\"@type\":\"PropertyValueSpecification\",\"valueRequired\":true,\"valueName\":\"search_term_string\"}}],\"inLanguage\":\"en-US\"},{\"@type\":\"Organization\",\"@id\":\"https:\\\/\\\/your-happy-birthday-song.com\\\/personalisiert-kostenlos\\\/#organization\",\"name\":\"Happy Birthday Band\",\"url\":\"https:\\\/\\\/your-happy-birthday-song.com\\\/personalisiert-kostenlos\\\/\",\"logo\":{\"@type\":\"ImageObject\",\"inLanguage\":\"en-US\",\"@id\":\"https:\\\/\\\/your-happy-birthday-song.com\\\/personalisiert-kostenlos\\\/#\\\/schema\\\/logo\\\/image\\\/\",\"url\":\"https:\\\/\\\/your-happy-birthday-song.com\\\/wp-content\\\/uploads\\\/2021\\\/12\\\/Header1300x500.png\",\"contentUrl\":\"https:\\\/\\\/your-happy-birthday-song.com\\\/wp-content\\\/uploads\\\/2021\\\/12\\\/Header1300x500.png\",\"width\":1300,\"height\":500,\"caption\":\"Happy Birthday Band\"},\"image\":{\"@id\":\"https:\\\/\\\/your-happy-birthday-song.com\\\/personalisiert-kostenlos\\\/#\\\/schema\\\/logo\\\/image\\\/\"},\"sameAs\":[\"https:\\\/\\\/www.youtube.com\\\/channel\\\/UCJaulRfWR_ucROonbTdIKhA\"]}]}<\/script>\n<!-- \/ Yoast SEO plugin. -->","yoast_head_json":{"title":"Geburtstagslied f\u00fcr Claudia! - Happy Birthday","description":"Happy Birthday %Personalisiertes Geburtstaslied %","robots":{"index":"index","follow":"follow","max-snippet":"max-snippet:-1","max-image-preview":"max-image-preview:large","max-video-preview":"max-video-preview:-1"},"canonical":"https:\/\/your-happy-birthday-song.com\/personalisiert-kostenlos\/geburtstagslied-fuer-claudia\/","og_locale":"en_US","og_type":"article","og_title":"Geburtstagslied f\u00fcr Claudia! - Happy Birthday","og_description":"Happy Birthday %Personalisiertes Geburtstaslied %","og_url":"https:\/\/your-happy-birthday-song.com\/personalisiert-kostenlos\/geburtstagslied-fuer-claudia\/","og_site_name":"Happy Birthday","article_modified_time":"2025-06-02T11:00:24+00:00","twitter_card":"summary_large_image","twitter_misc":{"Est. reading time":"1 minute"},"schema":{"@context":"https:\/\/schema.org","@graph":[{"@type":"WebPage","@id":"https:\/\/your-happy-birthday-song.com\/personalisiert-kostenlos\/geburtstagslied-fuer-claudia\/","url":"https:\/\/your-happy-birthday-song.com\/personalisiert-kostenlos\/geburtstagslied-fuer-claudia\/","name":"Geburtstagslied f\u00fcr Claudia! - Happy Birthday","isPartOf":{"@id":"https:\/\/your-happy-birthday-song.com\/personalisiert-kostenlos\/#website"},"datePublished":"2025-05-12T13:20:32+00:00","dateModified":"2025-06-02T11:00:24+00:00","description":"Happy Birthday %Personalisiertes Geburtstaslied %","breadcrumb":{"@id":"https:\/\/your-happy-birthday-song.com\/personalisiert-kostenlos\/geburtstagslied-fuer-claudia\/#breadcrumb"},"inLanguage":"en-US","potentialAction":[{"@type":"ReadAction","target":["https:\/\/your-happy-birthday-song.com\/personalisiert-kostenlos\/geburtstagslied-fuer-claudia\/"]}]},{"@type":"BreadcrumbList","@id":"https:\/\/your-happy-birthday-song.com\/personalisiert-kostenlos\/geburtstagslied-fuer-claudia\/#breadcrumb","itemListElement":[{"@type":"ListItem","position":1,"name":"Home","item":"https:\/\/your-happy-birthday-song.com\/personalisiert-kostenlos\/"},{"@type":"ListItem","position":2,"name":"Geburtstagslied f\u00fcr Claudia!"}]},{"@type":"WebSite","@id":"https:\/\/your-happy-birthday-song.com\/personalisiert-kostenlos\/#website","url":"https:\/\/your-happy-birthday-song.com\/personalisiert-kostenlos\/","name":"Happy Birthday - Das personalisierte Geburtstagslied","description":"Personalisiertes Geburtstagslied","publisher":{"@id":"https:\/\/your-happy-birthday-song.com\/personalisiert-kostenlos\/#organization"},"potentialAction":[{"@type":"SearchAction","target":{"@type":"EntryPoint","urlTemplate":"https:\/\/your-happy-birthday-song.com\/personalisiert-kostenlos\/?s={search_term_string}"},"query-input":{"@type":"PropertyValueSpecification","valueRequired":true,"valueName":"search_term_string"}}],"inLanguage":"en-US"},{"@type":"Organization","@id":"https:\/\/your-happy-birthday-song.com\/personalisiert-kostenlos\/#organization","name":"Happy Birthday Band","url":"https:\/\/your-happy-birthday-song.com\/personalisiert-kostenlos\/","logo":{"@type":"ImageObject","inLanguage":"en-US","@id":"https:\/\/your-happy-birthday-song.com\/personalisiert-kostenlos\/#\/schema\/logo\/image\/","url":"https:\/\/your-happy-birthday-song.com\/wp-content\/uploads\/2021\/12\/Header1300x500.png","contentUrl":"https:\/\/your-happy-birthday-song.com\/wp-content\/uploads\/2021\/12\/Header1300x500.png","width":1300,"height":500,"caption":"Happy Birthday Band"},"image":{"@id":"https:\/\/your-happy-birthday-song.com\/personalisiert-kostenlos\/#\/schema\/logo\/image\/"},"sameAs":["https:\/\/www.youtube.com\/channel\/UCJaulRfWR_ucROonbTdIKhA"]}]}},"jetpack_sharing_enabled":true,"_links":{"self":[{"href":"https:\/\/your-happy-birthday-song.com\/personalisiert-kostenlos\/wp-json\/wp\/v2\/pages\/1898","targetHints":{"allow":["GET"]}}],"collection":[{"href":"https:\/\/your-happy-birthday-song.com\/personalisiert-kostenlos\/wp-json\/wp\/v2\/pages"}],"about":[{"href":"https:\/\/your-happy-birthday-song.com\/personalisiert-kostenlos\/wp-json\/wp\/v2\/types\/page"}],"author":[{"embeddable":true,"href":"https:\/\/your-happy-birthday-song.com\/personalisiert-kostenlos\/wp-json\/wp\/v2\/users\/1"}],"replies":[{"embeddable":true,"href":"https:\/\/your-happy-birthday-song.com\/personalisiert-kostenlos\/wp-json\/wp\/v2\/comments?post=1898"}],"version-history":[{"count":1,"href":"https:\/\/your-happy-birthday-song.com\/personalisiert-kostenlos\/wp-json\/wp\/v2\/pages\/1898\/revisions"}],"predecessor-version":[{"id":2280,"href":"https:\/\/your-happy-birthday-song.com\/personalisiert-kostenlos\/wp-json\/wp\/v2\/pages\/1898\/revisions\/2280"}],"wp:attachment":[{"href":"https:\/\/your-happy-birthday-song.com\/personalisiert-kostenlos\/wp-json\/wp\/v2\/media?parent=1898"}],"curies":[{"name":"wp","href":"https:\/\/api.w.org\/{rel}","templated":true}]}}