{"id":1893,"date":"2025-05-12T15:20:30","date_gmt":"2025-05-12T13:20:30","guid":{"rendered":"https:\/\/your-happy-birthday-song.com\/personalisiert-kostenlos\/geburtstagslied-fuer-christel\/"},"modified":"2025-06-02T12:49:00","modified_gmt":"2025-06-02T10:49:00","slug":"geburtstagslied-fuer-christel","status":"publish","type":"page","link":"https:\/\/your-happy-birthday-song.com\/personalisiert-kostenlos\/geburtstagslied-fuer-christel\/","title":{"rendered":"Geburtstagslied f\u00fcr Christel!"},"content":{"rendered":"\n<figure class=\"wp-block-embed is-type-video is-provider-youtube wp-block-embed-youtube wp-embed-aspect-16-9 wp-has-aspect-ratio\"><div class=\"wp-block-embed__wrapper\">\n<iframe loading=\"lazy\" title=\"Happy Birthday Song! Das personalisierte Geburtstagslied (A capella &amp; Rock&#039;n&#039;Roll)\" width=\"584\" height=\"329\" src=\"https:\/\/www.youtube.com\/embed\/8GYtH3ud494?feature=oembed\" frameborder=\"0\" allow=\"accelerometer; autoplay; clipboard-write; encrypted-media; gyroscope; picture-in-picture; web-share\" referrerpolicy=\"strict-origin-when-cross-origin\" allowfullscreen><\/iframe>\n<\/div><\/figure>\n\n\n\n<p> Dieses beliebte Geburtstagslied (vgl. die nicht personalisierte <a href=\"https:\/\/your-happy-birthday-song.com\/\">Originalversion<\/a>) war 2010 einer der Siegertitel des WDR5 Wettbewerbs <em><strong>KinderLiederWelt<\/strong><\/em>. <\/p>\n\n\n\n<p> Auf unserer Seite gibt es das Geburtstagslied kostenlos und personalisiert f\u00fcr den Namen <em><strong>Christel<\/strong><\/em> in 2 verschiedenen Versionen. Zum Download klicken Sie einfach mit der rechten Maustaste auf den Play-Button und w\u00e4hlen &#8216;Speichern unter&#8217;. <\/p>\n\n\n\n<figure class=\"wp-block-audio\"><audio controls src=\"https:\/\/your-happy-birthday-song.com\/wp-content\/uploads\/2022\/01\/MikeWilbury-feat-MarcosManzanedo_Christel_RocknRoll.mp3\"><\/audio><figcaption class=\"wp-element-caption\">Christel (Rock&#8217;n&#8217;Roll Version) <\/figcaption><\/figure>\n\n\n\n<figure class=\"wp-block-audio\"><audio controls src=\"https:\/\/your-happy-birthday-song.com\/wp-content\/uploads\/2022\/01\/MikeWilbury-feat-MarcosManzanedo_Christel_aCapella.mp3\"><\/audio><figcaption class=\"wp-element-caption\">Christel (A-Capella Version)<\/figcaption><\/figure>\n\n\n\n<h2 class=\"wp-block-heading\">Herkunft des Namens Christel<\/h2>\n\n\n\n<p>Christel ist eine gebr\u00e4uchliche Variante des Namens\u00a0<strong>Christina<\/strong>. Hierbei handelt es sich um ist die weibliche Form des lateinischen Namens\u00a0<strong>Christianus<\/strong>, der \u201eAnh\u00e4nger Christi\u201c oder \u201edie Christin\u201c bedeutet. Urspr\u00fcnglich wurde Christianus im fr\u00fchen Christentum genutzt, um Gl\u00e4ubige zu kennzeichnen. Die Form Christine entwickelte sich im Mittelalter, als immer mehr christliche Namen an Bedeutung gewannen.<\/p>\n\n\n\n<p>Bereits im 4.\u202fJahrhundert ist die Form\u00a0<strong>Christina<\/strong>\u00a0in Lateinischer Kirche belegt, benannt nach der Heiligen Christina von Bolsena, einer fr\u00fchchristlichen M\u00e4rtyrerin. Durch kirchliche Verehrung und Legenden wurde der Name in ganz Europa verbreitet. In Deutschland fand Christina vor allem im 19.\u202fJahrhundert Verbreitung, blieb aber in verschiedenen Varianten (z.\u202fB. Christine, Christa) popul\u00e4r.<\/p>\n\n\n\n<p>In der zweiten H\u00e4lfte des 20.\u202fJahrhunderts geh\u00f6rte Christel zu den h\u00e4ufigsten M\u00e4dchennamen in Deutschland, besonders bei den in den 1950er bis 1970er Jahren Geborenen. Heute ist Christel zwar seltener, gilt aber nach wie vor als klassischer und zeitloser Vorname mit starkem biblischem Bezug. \u00c4hnliches gilt f\u00fcr die oft verwendeten Varianten des Namens:<\/p>\n\n\n\n<p><a href=\"https:\/\/your-happy-birthday-song.com\/personalisiert-kostenlos\/geburtstagslied-fuer-christel\">Christel<\/a><\/p>\n\n\n\n<p><a href=\"https:\/\/your-happy-birthday-song.com\/personalisiert-kostenlos\/geburtstagslied-fuer-christian\">Christian<\/a><\/p>\n\n\n\n<p><a href=\"https:\/\/your-happy-birthday-song.com\/personalisiert-kostenlos\/geburtstagslied-fuer-christiane\">Christiane<\/a><\/p>\n\n\n\n<p><a href=\"https:\/\/your-happy-birthday-song.com\/personalisiert-kostenlos\/geburtstagslied-fuer-christina\">Christina<\/a><\/p>\n\n\n\n<p><a href=\"https:\/\/your-happy-birthday-song.com\/personalisiert-kostenlos\/geburtstagslied-fuer-christine\">Christine<\/a><\/p>\n","protected":false},"excerpt":{"rendered":"<p>Das Geburtstagslied &#8216;Weil Heute Dein Geburtstag Ist&#8217; personalisiert auf den Namen Christel (2 Versionen: Rock&#8217;n&#8217;Roll und A-Capella).\u00a0\u00a0<\/p>\n<p> <a href=\"https:\/\/your-happy-birthday-song.com\/personalisiert-kostenlos\/geburtstagslied-fuer-christel\/\">Continue reading <span class=\"meta-nav\">&rarr;<\/span><\/a><\/p>\n","protected":false},"author":1,"featured_media":0,"parent":0,"menu_order":0,"comment_status":"closed","ping_status":"closed","template":"","meta":{"footnotes":""},"class_list":["post-1893","page","type-page","status-publish","hentry"],"yoast_head":"<!-- This site is optimized with the Yoast SEO plugin v27.5 - https:\/\/yoast.com\/product\/yoast-seo-wordpress\/ -->\n<title>Geburtstagslied f\u00fcr Christel! - Happy Birthday<\/title>\n<meta name=\"description\" content=\"Happy Birthday %Personalisiertes Geburtstaslied %\" \/>\n<meta name=\"robots\" content=\"index, follow, max-snippet:-1, max-image-preview:large, max-video-preview:-1\" \/>\n<link rel=\"canonical\" href=\"https:\/\/your-happy-birthday-song.com\/personalisiert-kostenlos\/geburtstagslied-fuer-christel\/\" \/>\n<meta property=\"og:locale\" content=\"en_US\" \/>\n<meta property=\"og:type\" content=\"article\" \/>\n<meta property=\"og:title\" content=\"Geburtstagslied f\u00fcr Christel! - Happy Birthday\" \/>\n<meta property=\"og:description\" content=\"Happy Birthday %Personalisiertes Geburtstaslied %\" \/>\n<meta property=\"og:url\" content=\"https:\/\/your-happy-birthday-song.com\/personalisiert-kostenlos\/geburtstagslied-fuer-christel\/\" \/>\n<meta property=\"og:site_name\" content=\"Happy Birthday\" \/>\n<meta property=\"article:modified_time\" content=\"2025-06-02T10:49:00+00:00\" \/>\n<meta name=\"twitter:card\" content=\"summary_large_image\" \/>\n<meta name=\"twitter:label1\" content=\"Est. reading time\" \/>\n\t<meta name=\"twitter:data1\" content=\"1 minute\" \/>\n<script type=\"application\/ld+json\" class=\"yoast-schema-graph\">{\"@context\":\"https:\\\/\\\/schema.org\",\"@graph\":[{\"@type\":\"WebPage\",\"@id\":\"https:\\\/\\\/your-happy-birthday-song.com\\\/personalisiert-kostenlos\\\/geburtstagslied-fuer-christel\\\/\",\"url\":\"https:\\\/\\\/your-happy-birthday-song.com\\\/personalisiert-kostenlos\\\/geburtstagslied-fuer-christel\\\/\",\"name\":\"Geburtstagslied f\u00fcr Christel! - Happy Birthday\",\"isPartOf\":{\"@id\":\"https:\\\/\\\/your-happy-birthday-song.com\\\/personalisiert-kostenlos\\\/#website\"},\"datePublished\":\"2025-05-12T13:20:30+00:00\",\"dateModified\":\"2025-06-02T10:49:00+00:00\",\"description\":\"Happy Birthday %Personalisiertes Geburtstaslied %\",\"breadcrumb\":{\"@id\":\"https:\\\/\\\/your-happy-birthday-song.com\\\/personalisiert-kostenlos\\\/geburtstagslied-fuer-christel\\\/#breadcrumb\"},\"inLanguage\":\"en-US\",\"potentialAction\":[{\"@type\":\"ReadAction\",\"target\":[\"https:\\\/\\\/your-happy-birthday-song.com\\\/personalisiert-kostenlos\\\/geburtstagslied-fuer-christel\\\/\"]}]},{\"@type\":\"BreadcrumbList\",\"@id\":\"https:\\\/\\\/your-happy-birthday-song.com\\\/personalisiert-kostenlos\\\/geburtstagslied-fuer-christel\\\/#breadcrumb\",\"itemListElement\":[{\"@type\":\"ListItem\",\"position\":1,\"name\":\"Home\",\"item\":\"https:\\\/\\\/your-happy-birthday-song.com\\\/personalisiert-kostenlos\\\/\"},{\"@type\":\"ListItem\",\"position\":2,\"name\":\"Geburtstagslied f\u00fcr Christel!\"}]},{\"@type\":\"WebSite\",\"@id\":\"https:\\\/\\\/your-happy-birthday-song.com\\\/personalisiert-kostenlos\\\/#website\",\"url\":\"https:\\\/\\\/your-happy-birthday-song.com\\\/personalisiert-kostenlos\\\/\",\"name\":\"Happy Birthday - Das personalisierte Geburtstagslied\",\"description\":\"Personalisiertes Geburtstagslied\",\"publisher\":{\"@id\":\"https:\\\/\\\/your-happy-birthday-song.com\\\/personalisiert-kostenlos\\\/#organization\"},\"potentialAction\":[{\"@type\":\"SearchAction\",\"target\":{\"@type\":\"EntryPoint\",\"urlTemplate\":\"https:\\\/\\\/your-happy-birthday-song.com\\\/personalisiert-kostenlos\\\/?s={search_term_string}\"},\"query-input\":{\"@type\":\"PropertyValueSpecification\",\"valueRequired\":true,\"valueName\":\"search_term_string\"}}],\"inLanguage\":\"en-US\"},{\"@type\":\"Organization\",\"@id\":\"https:\\\/\\\/your-happy-birthday-song.com\\\/personalisiert-kostenlos\\\/#organization\",\"name\":\"Happy Birthday Band\",\"url\":\"https:\\\/\\\/your-happy-birthday-song.com\\\/personalisiert-kostenlos\\\/\",\"logo\":{\"@type\":\"ImageObject\",\"inLanguage\":\"en-US\",\"@id\":\"https:\\\/\\\/your-happy-birthday-song.com\\\/personalisiert-kostenlos\\\/#\\\/schema\\\/logo\\\/image\\\/\",\"url\":\"https:\\\/\\\/your-happy-birthday-song.com\\\/wp-content\\\/uploads\\\/2021\\\/12\\\/Header1300x500.png\",\"contentUrl\":\"https:\\\/\\\/your-happy-birthday-song.com\\\/wp-content\\\/uploads\\\/2021\\\/12\\\/Header1300x500.png\",\"width\":1300,\"height\":500,\"caption\":\"Happy Birthday Band\"},\"image\":{\"@id\":\"https:\\\/\\\/your-happy-birthday-song.com\\\/personalisiert-kostenlos\\\/#\\\/schema\\\/logo\\\/image\\\/\"},\"sameAs\":[\"https:\\\/\\\/www.youtube.com\\\/channel\\\/UCJaulRfWR_ucROonbTdIKhA\"]}]}<\/script>\n<!-- \/ Yoast SEO plugin. -->","yoast_head_json":{"title":"Geburtstagslied f\u00fcr Christel! - Happy Birthday","description":"Happy Birthday %Personalisiertes Geburtstaslied %","robots":{"index":"index","follow":"follow","max-snippet":"max-snippet:-1","max-image-preview":"max-image-preview:large","max-video-preview":"max-video-preview:-1"},"canonical":"https:\/\/your-happy-birthday-song.com\/personalisiert-kostenlos\/geburtstagslied-fuer-christel\/","og_locale":"en_US","og_type":"article","og_title":"Geburtstagslied f\u00fcr Christel! - Happy Birthday","og_description":"Happy Birthday %Personalisiertes Geburtstaslied %","og_url":"https:\/\/your-happy-birthday-song.com\/personalisiert-kostenlos\/geburtstagslied-fuer-christel\/","og_site_name":"Happy Birthday","article_modified_time":"2025-06-02T10:49:00+00:00","twitter_card":"summary_large_image","twitter_misc":{"Est. reading time":"1 minute"},"schema":{"@context":"https:\/\/schema.org","@graph":[{"@type":"WebPage","@id":"https:\/\/your-happy-birthday-song.com\/personalisiert-kostenlos\/geburtstagslied-fuer-christel\/","url":"https:\/\/your-happy-birthday-song.com\/personalisiert-kostenlos\/geburtstagslied-fuer-christel\/","name":"Geburtstagslied f\u00fcr Christel! - Happy Birthday","isPartOf":{"@id":"https:\/\/your-happy-birthday-song.com\/personalisiert-kostenlos\/#website"},"datePublished":"2025-05-12T13:20:30+00:00","dateModified":"2025-06-02T10:49:00+00:00","description":"Happy Birthday %Personalisiertes Geburtstaslied %","breadcrumb":{"@id":"https:\/\/your-happy-birthday-song.com\/personalisiert-kostenlos\/geburtstagslied-fuer-christel\/#breadcrumb"},"inLanguage":"en-US","potentialAction":[{"@type":"ReadAction","target":["https:\/\/your-happy-birthday-song.com\/personalisiert-kostenlos\/geburtstagslied-fuer-christel\/"]}]},{"@type":"BreadcrumbList","@id":"https:\/\/your-happy-birthday-song.com\/personalisiert-kostenlos\/geburtstagslied-fuer-christel\/#breadcrumb","itemListElement":[{"@type":"ListItem","position":1,"name":"Home","item":"https:\/\/your-happy-birthday-song.com\/personalisiert-kostenlos\/"},{"@type":"ListItem","position":2,"name":"Geburtstagslied f\u00fcr Christel!"}]},{"@type":"WebSite","@id":"https:\/\/your-happy-birthday-song.com\/personalisiert-kostenlos\/#website","url":"https:\/\/your-happy-birthday-song.com\/personalisiert-kostenlos\/","name":"Happy Birthday - Das personalisierte Geburtstagslied","description":"Personalisiertes Geburtstagslied","publisher":{"@id":"https:\/\/your-happy-birthday-song.com\/personalisiert-kostenlos\/#organization"},"potentialAction":[{"@type":"SearchAction","target":{"@type":"EntryPoint","urlTemplate":"https:\/\/your-happy-birthday-song.com\/personalisiert-kostenlos\/?s={search_term_string}"},"query-input":{"@type":"PropertyValueSpecification","valueRequired":true,"valueName":"search_term_string"}}],"inLanguage":"en-US"},{"@type":"Organization","@id":"https:\/\/your-happy-birthday-song.com\/personalisiert-kostenlos\/#organization","name":"Happy Birthday Band","url":"https:\/\/your-happy-birthday-song.com\/personalisiert-kostenlos\/","logo":{"@type":"ImageObject","inLanguage":"en-US","@id":"https:\/\/your-happy-birthday-song.com\/personalisiert-kostenlos\/#\/schema\/logo\/image\/","url":"https:\/\/your-happy-birthday-song.com\/wp-content\/uploads\/2021\/12\/Header1300x500.png","contentUrl":"https:\/\/your-happy-birthday-song.com\/wp-content\/uploads\/2021\/12\/Header1300x500.png","width":1300,"height":500,"caption":"Happy Birthday Band"},"image":{"@id":"https:\/\/your-happy-birthday-song.com\/personalisiert-kostenlos\/#\/schema\/logo\/image\/"},"sameAs":["https:\/\/www.youtube.com\/channel\/UCJaulRfWR_ucROonbTdIKhA"]}]}},"jetpack_sharing_enabled":true,"_links":{"self":[{"href":"https:\/\/your-happy-birthday-song.com\/personalisiert-kostenlos\/wp-json\/wp\/v2\/pages\/1893","targetHints":{"allow":["GET"]}}],"collection":[{"href":"https:\/\/your-happy-birthday-song.com\/personalisiert-kostenlos\/wp-json\/wp\/v2\/pages"}],"about":[{"href":"https:\/\/your-happy-birthday-song.com\/personalisiert-kostenlos\/wp-json\/wp\/v2\/types\/page"}],"author":[{"embeddable":true,"href":"https:\/\/your-happy-birthday-song.com\/personalisiert-kostenlos\/wp-json\/wp\/v2\/users\/1"}],"replies":[{"embeddable":true,"href":"https:\/\/your-happy-birthday-song.com\/personalisiert-kostenlos\/wp-json\/wp\/v2\/comments?post=1893"}],"version-history":[{"count":2,"href":"https:\/\/your-happy-birthday-song.com\/personalisiert-kostenlos\/wp-json\/wp\/v2\/pages\/1893\/revisions"}],"predecessor-version":[{"id":2273,"href":"https:\/\/your-happy-birthday-song.com\/personalisiert-kostenlos\/wp-json\/wp\/v2\/pages\/1893\/revisions\/2273"}],"wp:attachment":[{"href":"https:\/\/your-happy-birthday-song.com\/personalisiert-kostenlos\/wp-json\/wp\/v2\/media?parent=1893"}],"curies":[{"name":"wp","href":"https:\/\/api.w.org\/{rel}","templated":true}]}}